{"id":16034,"date":"2024-02-29T11:25:14","date_gmt":"2024-02-29T10:25:14","guid":{"rendered":"https:\/\/support.comosoft.eu\/?page_id=16034"},"modified":"2025-08-05T15:56:59","modified_gmt":"2025-08-05T13:56:59","slug":"impressum","status":"publish","type":"page","link":"https:\/\/support.comosoft.eu\/de\/impressum\/","title":{"rendered":"Impressum"},"content":{"rendered":"<div class=\"wpb-content-wrapper\"><p>[vc_row][vc_column width=&#8220;1\/1&#8243;][vc_column_text uncode_shortcode_id=&#8220;166884&#8243;]<\/p>\n<h1>IMPRESSUM<\/h1>\n<h3><strong>Verantwortlich f\u00fcr den Inhalt:<\/strong><\/h3>\n<p>Comosoft GmbH | Otto-Wels-Str. 49 | 22297 Hamburg | Deutschland<br \/>\nTel.: +49 40 853318-0 |\u00a0Fax: +49 40 853318-99 |\u00a0E-Mail: info@comosoft.de<\/p>\n<p><strong>Gesch\u00e4ftsf\u00fchrung<\/strong> Peter Jozefiak, Daniel Lee, James Tyler O\u2019Hagan<\/p>\n<p><strong>Registergericht\u00a0<\/strong>Hamburg, HRB 96536<\/p>\n<p><strong>USt-ID-Nr\u00a0<\/strong>DE 164980497<\/p>\n<p><strong>Wichtiger Hinweis zu allen Links:<\/strong><br \/>\nMit Urteil vom 12. Mai 1998 \u2013 312 O 85\/98 \u2013 Haftung f\u00fcr Links hat das Landgericht (LG) Hamburg entschieden, dass man durch die Anbringung eines Links, die Inhalte der gelinkten Seite ggf. mit zu verantworten hat. Dies kann \u2013 so das LG \u2013 nur dadurch verhindert werden, dass man sich ausdr\u00fccklich von diesen Inhalten distanziert. Hiermit distanzieren wir uns ausdr\u00fccklich von allen Inhalten aller gelinkten Seiten auf unserer Homepage und machen uns diese Inhalte nicht zu eigen. Diese Erkl\u00e4rung gilt f\u00fcr alle auf dieser Website angebrachten Links.<\/p>\n<p><strong>Haftungsausschluss:<\/strong><br \/>\nDie bereitgestellten Informationen auf dieser Web Site wurden sorgf\u00e4ltig gepr\u00fcft und werden regelm\u00e4\u00dfig aktualisiert. Jedoch kann keine Garantie daf\u00fcr \u00fcbernommen werden, dass alle Angaben zu jeder Zeit vollst\u00e4ndig, richtig und in letzter Aktualit\u00e4t dargestellt sind. Dies gilt insbesondere f\u00fcr alle Verbindungen (Links) zu anderen Web Sites, auf die direkt oder indirekt verwiesen wird. Alle Angaben k\u00f6nnen ohne vorherige Ank\u00fcndigung erg\u00e4nzt, entfernt oder ge\u00e4ndert werden. Alle auf dieser Website genannten Produktnamen, Produktbezeichnungen und Logos sind eingetragene Warenzeichen und Eigentum der jeweiligen Rechteinhaber.<\/p>\n<p><strong>Hinweise zum Datenschutz:<\/strong><\/p>\n<p>Die Betreiber dieser Seiten nehmen den Schutz Ihrer pers\u00f6nlichen Daten sehr ernst. Wir behandeln Ihre personenbezogenen Daten vertraulich und entsprechend der gesetzlichen EU DSGVO sowie unserer <a href=\"https:\/\/www.comosoft.eu\/de\/datenschutz\/\">Datenschutzerkl\u00e4rung<\/a>. Gerne stehen wir Ihnen auch f\u00fcr etwaige R\u00fcckfragen oder Ausk\u00fcnfte unter datenschutz@comosoft.de zur Verf\u00fcgung.<\/p>\n<p><img decoding=\"async\" class=\"alignnone size-medium wp-image-22\" src=\"https:\/\/www.comosoft.eu\/wp-content\/uploads\/2016\/08\/comosoft-logo.svg\" alt=\"comosoft-logo\" width=\"1\" height=\"1\" \/>\u00a9 1994-2024 Comosoft GmbH[\/vc_column_text][\/vc_column][\/vc_row]<\/p>\n<\/div>","protected":false},"excerpt":{"rendered":"<p>[vc_row][vc_column width=&#8220;1\/1&#8243;][vc_column_text uncode_shortcode_id=&#8220;166884&#8243;] IMPRESSUM Verantwortlich f\u00fcr den Inhalt: Comosoft GmbH | Otto-Wels-Str. 49 | 22297 Hamburg | Deutschland Tel.: +49 [&hellip;]<\/p>\n","protected":false},"author":103,"featured_media":0,"parent":0,"menu_order":0,"comment_status":"closed","ping_status":"closed","template":"","meta":{"footnotes":""},"class_list":["post-16034","page","type-page","status-publish","hentry"],"_links":{"self":[{"href":"https:\/\/support.comosoft.eu\/de\/wp-json\/wp\/v2\/pages\/16034","targetHints":{"allow":["GET"]}}],"collection":[{"href":"https:\/\/support.comosoft.eu\/de\/wp-json\/wp\/v2\/pages"}],"about":[{"href":"https:\/\/support.comosoft.eu\/de\/wp-json\/wp\/v2\/types\/page"}],"author":[{"embeddable":true,"href":"https:\/\/support.comosoft.eu\/de\/wp-json\/wp\/v2\/users\/103"}],"replies":[{"embeddable":true,"href":"https:\/\/support.comosoft.eu\/de\/wp-json\/wp\/v2\/comments?post=16034"}],"version-history":[{"count":2,"href":"https:\/\/support.comosoft.eu\/de\/wp-json\/wp\/v2\/pages\/16034\/revisions"}],"predecessor-version":[{"id":16531,"href":"https:\/\/support.comosoft.eu\/de\/wp-json\/wp\/v2\/pages\/16034\/revisions\/16531"}],"wp:attachment":[{"href":"https:\/\/support.comosoft.eu\/de\/wp-json\/wp\/v2\/media?parent=16034"}],"curies":[{"name":"wp","href":"https:\/\/api.w.org\/{rel}","templated":true}]}}