{"id":1522,"date":"2016-09-28T10:01:07","date_gmt":"2016-09-28T08:01:07","guid":{"rendered":"http:\/\/www.comosoft.com\/?page_id=1522"},"modified":"2025-12-09T15:44:41","modified_gmt":"2025-12-09T14:44:41","slug":"release-notes","status":"publish","type":"page","link":"https:\/\/support.comosoft.eu\/de\/release-notes\/","title":{"rendered":"Release Notes"},"content":{"rendered":"<div class=\"wpb-content-wrapper\"><p>[vc_row][vc_column][vc_column_text uncode_shortcode_id=&#8220;196530&#8243;]<\/p>\n<h1><span data-teams=\"true\">Um <strong>Release Notes<\/strong> zu erzeugen oder runterzuladen, erfolgt dies ab jetzt \u00fcber <strong>JIRA<\/strong>. Dazu gibt es <span style=\"color: #99e036;\">zwei Wege<\/span>:<\/span><\/h1>\n<p>[\/vc_column_text][vc_row_inner][vc_column_inner column_width_percent=&#8220;100&#8243; align_horizontal=&#8220;align_center&#8220; gutter_size=&#8220;3&#8243; overlay_alpha=&#8220;50&#8243; shift_x=&#8220;0&#8243; shift_y=&#8220;0&#8243; shift_y_down=&#8220;0&#8243; z_index=&#8220;0&#8243; medium_width=&#8220;0&#8243; mobile_width=&#8220;0&#8243; width=&#8220;1\/2&#8243; uncode_shortcode_id=&#8220;232161&#8243;][vc_column_text text_lead=&#8220;yes&#8220; text_color=&#8220;accent&#8220; uncode_shortcode_id=&#8220;629022&#8243; text_color_type=&#8220;uncode-palette&#8220;]<\/p>\n<h2 style=\"text-align: center;\"><strong>1<\/strong><\/h2>\n<p>[\/vc_column_text][vc_column_text text_lead=&#8220;yes&#8220; uncode_shortcode_id=&#8220;613532&#8243;]<\/p>\n<p style=\"text-align: center;\"><span data-teams=\"true\">In JIRA bereits angemeldet? Dann direkt \u00fcber den folgenden Button den Release Notes Generator \u00f6ffnen:<\/span><\/p>\n<p>[\/vc_column_text][vc_button radius=&#8220;btn-circle&#8220; hover_fx=&#8220;outlined&#8220; outline=&#8220;yes&#8220; border_width=&#8220;0&#8243; link=&#8220;url:https%3A%2F%2Fjira.comosoft.com%2Frest%2Fscriptrunner%2Flatest%2Fcustom%2FlistReleaseNotes|title:Release%20Notes%20Generator%20%C3%B6ffnen|target:_blank&#8220; uncode_shortcode_id=&#8220;146156&#8243;]RELEASE NOTES GENERATOR \u00d6FFNEN[\/vc_button][\/vc_column_inner][vc_column_inner column_width_percent=&#8220;100&#8243; align_horizontal=&#8220;align_center&#8220; gutter_size=&#8220;3&#8243; overlay_alpha=&#8220;50&#8243; shift_x=&#8220;0&#8243; shift_y=&#8220;0&#8243; shift_y_down=&#8220;0&#8243; z_index=&#8220;0&#8243; medium_width=&#8220;0&#8243; mobile_width=&#8220;0&#8243; width=&#8220;1\/2&#8243; uncode_shortcode_id=&#8220;101856&#8243;][vc_column_text text_lead=&#8220;yes&#8220; text_color=&#8220;accent&#8220; uncode_shortcode_id=&#8220;154154&#8243; text_color_type=&#8220;uncode-palette&#8220;]<\/p>\n<h2 style=\"text-align: center;\"><strong>2<\/strong><\/h2>\n<p>[\/vc_column_text][vc_column_text text_lead=&#8220;yes&#8220; uncode_shortcode_id=&#8220;115023&#8243;]<\/p>\n<p style=\"text-align: center;\">In Jira anmelden und in der linken Spalte unter &#8222;Projektk\u00fcrzel\u201c den Reiter &#8222;Release Notes&#8220; ausw\u00e4hlen. Dort \u00f6ffnet sich ein neuer Tab, wo man sich die gew\u00fcnschten Release Notes erzeugen und runterladen kann. \u00dcber den folgenden Button direkt zu JIRA:<\/p>\n<p>[\/vc_column_text][vc_button radius=&#8220;btn-circle&#8220; hover_fx=&#8220;outlined&#8220; outline=&#8220;yes&#8220; border_width=&#8220;0&#8243; link=&#8220;url:https%3A%2F%2Fjira.comosoft.com%2Fprojects%2FTICKET%2Fsummary%20_blank|title:JIRA%20%C3%B6ffnen|target:_blank&#8220; uncode_shortcode_id=&#8220;886064&#8243;]JIRA \u00d6FFNEN[\/vc_button][\/vc_column_inner][\/vc_row_inner][\/vc_column][\/vc_row]<\/p>\n<\/div>","protected":false},"excerpt":{"rendered":"<p>[vc_row][vc_column][vc_column_text uncode_shortcode_id=&#8220;196530&#8243;] Um Release Notes zu erzeugen oder runterzuladen, erfolgt dies ab jetzt \u00fcber JIRA. Dazu gibt es zwei Wege: [&hellip;]<\/p>\n","protected":false},"author":103,"featured_media":0,"parent":0,"menu_order":0,"comment_status":"closed","ping_status":"closed","template":"","meta":{"footnotes":""},"class_list":["post-1522","page","type-page","status-publish","hentry"],"_links":{"self":[{"href":"https:\/\/support.comosoft.eu\/de\/wp-json\/wp\/v2\/pages\/1522","targetHints":{"allow":["GET"]}}],"collection":[{"href":"https:\/\/support.comosoft.eu\/de\/wp-json\/wp\/v2\/pages"}],"about":[{"href":"https:\/\/support.comosoft.eu\/de\/wp-json\/wp\/v2\/types\/page"}],"author":[{"embeddable":true,"href":"https:\/\/support.comosoft.eu\/de\/wp-json\/wp\/v2\/users\/103"}],"replies":[{"embeddable":true,"href":"https:\/\/support.comosoft.eu\/de\/wp-json\/wp\/v2\/comments?post=1522"}],"version-history":[{"count":9,"href":"https:\/\/support.comosoft.eu\/de\/wp-json\/wp\/v2\/pages\/1522\/revisions"}],"predecessor-version":[{"id":16722,"href":"https:\/\/support.comosoft.eu\/de\/wp-json\/wp\/v2\/pages\/1522\/revisions\/16722"}],"wp:attachment":[{"href":"https:\/\/support.comosoft.eu\/de\/wp-json\/wp\/v2\/media?parent=1522"}],"curies":[{"name":"wp","href":"https:\/\/api.w.org\/{rel}","templated":true}]}}